{"id":775,"date":"2024-08-13T20:02:52","date_gmt":"2024-08-13T20:02:52","guid":{"rendered":"https:\/\/muddakir.org\/?page_id=775"},"modified":"2024-08-22T08:54:18","modified_gmt":"2024-08-22T08:54:18","slug":"%d8%b4%d8%b1%d9%88%d8%b7-%d8%a7%d9%84%d8%a7%d9%84%d8%aa%d8%ad%d8%a7%d9%82-%d8%a8%d8%a7%d9%84%d8%a8%d8%b1%d9%86%d8%a7%d9%85%d8%ac","status":"publish","type":"page","link":"https:\/\/muddakir.org\/tr\/%d8%b4%d8%b1%d9%88%d8%b7-%d8%a7%d9%84%d8%a7%d9%84%d8%aa%d8%ad%d8%a7%d9%82-%d8%a8%d8%a7%d9%84%d8%a8%d8%b1%d9%86%d8%a7%d9%85%d8%ac\/","title":{"rendered":"Program Ba\u015fvuru Ko\u015fullar\u0131"},"content":{"rendered":"<div data-elementor-type=\"wp-page\" data-elementor-id=\"775\" class=\"elementor elementor-775\" data-elementor-settings=\"{&quot;ha_cmc_init_switcher&quot;:&quot;no&quot;}\" data-elementor-post-type=\"page\">\n\t\t\t\t\t\t<section data-particle_enable=\"false\" data-particle-mobile-disabled=\"false\" class=\"elementor-section elementor-top-section elementor-element elementor-element-817cd14 elementor-section-height-min-height elementor-section-content-middle elementor-section-boxed elementor-section-height-default elementor-section-items-middle\" data-id=\"817cd14\" data-element_type=\"section\" data-e-type=\"section\" data-settings=\"{&quot;background_background&quot;:&quot;classic&quot;,&quot;_ha_eqh_enable&quot;:false,&quot;ekit_has_onepagescroll_dot&quot;:&quot;yes&quot;}\">\n\t\t\t\t\t\t\t<div class=\"elementor-background-overlay\"><\/div>\n\t\t\t\t\t\t\t<div class=\"elementor-container elementor-column-gap-default\">\n\t\t\t\t\t<div class=\"elementor-column elementor-col-100 elementor-top-column elementor-element elementor-element-43cc681\" data-id=\"43cc681\" data-element_type=\"column\" data-e-type=\"column\">\n\t\t\t<div class=\"elementor-widget-wrap elementor-element-populated\">\n\t\t\t\t\t\t<div class=\"elementor-element elementor-element-e699c9b elementor-widget elementor-widget-text-editor\" data-id=\"e699c9b\" data-element_type=\"widget\" data-e-type=\"widget\" data-settings=\"{&quot;ekit_we_effect_on&quot;:&quot;none&quot;}\" data-widget_type=\"text-editor.default\">\n\t\t\t\t<div class=\"elementor-widget-container\">\n\t\t\t\t\t\t\t\t\t<p>\u062a\u0642\u0631\u064a\u0631 \u0645\u0641\u0635\u0644 \u062d\u0648\u0644 \u0634\u0631\u0648\u0637 \u0627\u0644\u0627\u0644\u062a\u062d\u0627\u0642 \u0628\u0628\u0631\u0646\u0627\u0645\u062c &#8220;\u0645\u062f\u0651\u0643\u0631&#8221;<\/p>\t\t\t\t\t\t\t\t<\/div>\n\t\t\t\t<\/div>\n\t\t\t\t\t<\/div>\n\t\t<\/div>\n\t\t\t\t\t<\/div>\n\t\t<\/section>\n\t\t<div data-particle_enable=\"false\" data-particle-mobile-disabled=\"false\" class=\"elementor-element elementor-element-62c5ab5 e-flex e-con-boxed e-con e-parent\" data-id=\"62c5ab5\" data-element_type=\"container\" data-e-type=\"container\" data-settings=\"{&quot;_ha_eqh_enable&quot;:false,&quot;ekit_has_onepagescroll_dot&quot;:&quot;yes&quot;}\">\n\t\t\t\t\t<div class=\"e-con-inner\">\n\t\t\t\t<div class=\"elementor-element elementor-element-3d7307a elementor-widget elementor-widget-text-editor\" data-id=\"3d7307a\" data-element_type=\"widget\" data-e-type=\"widget\" data-settings=\"{&quot;ekit_we_effect_on&quot;:&quot;none&quot;}\" data-widget_type=\"text-editor.default\">\n\t\t\t\t<div class=\"elementor-widget-container\">\n\t\t\t\t\t\t\t\t\t<p><strong>1. \u0625\u062a\u0645\u0627\u0645 \u0627\u0644\u0634\u0647\u0627\u062f\u0629 \u0627\u0644\u062b\u0627\u0646\u0648\u064a\u0629 \u0623\u0648 \u0645\u0627 \u064a\u0639\u0627\u062f\u0644\u0647\u0627:<\/strong><\/p><p>\u0644\u0644\u0627\u0644\u062a\u062d\u0627\u0642 \u0628\u0628\u0631\u0646\u0627\u0645\u062c &#8220;\u0645\u062f\u0651\u0643\u0631&#8221;\u060c \u064a\u0634\u062a\u0631\u0637 \u0623\u0646 \u064a\u0643\u0648\u0646 \u0627\u0644\u0645\u062a\u0642\u062f\u0645 \u0642\u062f \u0623\u062a\u0645 \u0628\u0646\u062c\u0627\u062d \u0627\u0644\u0634\u0647\u0627\u062f\u0629 \u0627\u0644\u062b\u0627\u0646\u0648\u064a\u0629. \u0647\u0630\u0627 \u0627\u0644\u0634\u0631\u0637 \u064a\u0636\u0645\u0646 \u0623\u0646 \u0627\u0644\u0645\u062a\u0642\u062f\u0645 \u064a\u0645\u062a\u0644\u0643 \u0642\u0627\u0639\u062f\u0629 \u062a\u0639\u0644\u064a\u0645\u064a\u0629 \u0642\u0648\u064a\u0629 \u062a\u0624\u0647\u0644\u0647 \u0644\u0644\u0627\u0646\u062e\u0631\u0627\u0637 \u0641\u064a \u0627\u0644\u0628\u0631\u0646\u0627\u0645\u062c.<\/p><p><strong>2. \u0627\u062c\u062a\u064a\u0627\u0632 \u0627\u062e\u062a\u0628\u0627\u0631 \u0627\u0644\u062d\u0641\u0638<\/strong><\/p><p>\u064a\u062c\u0628 \u0639\u0644\u0649 \u0627\u0644\u0645\u062a\u0642\u062f\u0645\u064a\u0646 \u0627\u062c\u062a\u064a\u0627\u0632 \u0627\u062e\u062a\u0628\u0627\u0631 \u0644\u062d\u0641\u0638 \u062c\u0632\u0621 \u0639\u0645 \u0623\u0648 \u0623\u064a \u062c\u0632\u0621 \u0622\u062e\u0631 \u064a\u062e\u062a\u0627\u0631\u0647 \u0627\u0644\u0645\u062e\u062a\u0628\u0631. \u0647\u0630\u0627 \u0627\u0644\u0627\u062e\u062a\u0628\u0627\u0631 \u0636\u0631\u0648\u0631\u064a \u0644\u0644\u0627\u0646\u0636\u0645\u0627\u0645 \u0625\u0644\u0649 \u0623\u064a \u0645\u0646 \u0645\u0633\u062a\u0648\u064a\u0627\u062a \u0627\u0644\u062d\u0641\u0638 \u0627\u0644\u062b\u0644\u0627\u062b\u0629 \u0627\u0644\u0645\u062a\u0627\u062d\u0629 \u0641\u064a \u0627\u0644\u0628\u0631\u0646\u0627\u0645\u062c\u060c \u0648\u064a\u0639\u062a\u0628\u0631 \u0645\u0642\u064a\u0627\u0633\u064b\u0627 \u0644\u0642\u062f\u0631\u0629 \u0627\u0644\u0645\u062a\u0642\u062f\u0645 \u0639\u0644\u0649 \u0627\u0644\u0627\u0644\u062a\u0632\u0627\u0645 \u0648\u062a\u0642\u062f\u0645\u0647 \u0641\u064a \u062d\u0641\u0638 \u0627\u0644\u0642\u0631\u0622\u0646 \u0627\u0644\u0643\u0631\u064a\u0645.<\/p><p><strong>3. \u0645\u0633\u062a\u0648\u0649 \u062a\u062c\u0648\u064a\u062f \u0645\u062a\u0648\u0633\u0637 \u0639\u0644\u0649 \u0627\u0644\u0623\u0642\u0644<\/strong><\/p><p>\u064a\u062a\u0637\u0644\u0628 \u0627\u0644\u0628\u0631\u0646\u0627\u0645\u062c \u0623\u0646 \u064a\u0643\u0648\u0646 \u0644\u062f\u0649 \u0627\u0644\u0645\u062a\u0642\u062f\u0645 \u0645\u0633\u062a\u0648\u0649 \u062a\u062c\u0648\u064a\u062f \u0645\u062a\u0648\u0633\u0637 \u0639\u0644\u0649 \u0627\u0644\u0623\u0642\u0644. \u0647\u0630\u0627 \u0627\u0644\u0634\u0631\u0637 \u064a\u0636\u0645\u0646 \u0623\u0646 \u0627\u0644\u0645\u062a\u0642\u062f\u0645 \u064a\u0645\u062a\u0644\u0643 \u0627\u0644\u0645\u0647\u0627\u0631\u0627\u062a \u0627\u0644\u0623\u0633\u0627\u0633\u064a\u0629 \u0641\u064a \u062a\u062c\u0648\u064a\u062f \u0627\u0644\u0642\u0631\u0622\u0646 \u0627\u0644\u0643\u0631\u064a\u0645\u060c \u0645\u0645\u0627 \u064a\u0633\u0627\u0647\u0645 \u0641\u064a \u062a\u062d\u0633\u064a\u0646 \u062c\u0648\u062f\u0629 \u0627\u0644\u062a\u0639\u0644\u064a\u0645 \u0648\u0627\u0644\u062a\u0639\u0644\u0645 \u062f\u0627\u062e\u0644 \u0627\u0644\u0628\u0631\u0646\u0627\u0645\u062c.<\/p><p><strong>4. \u0627\u062c\u062a\u064a\u0627\u0632 \u0627\u0644\u0645\u0642\u0627\u0628\u0644\u0629 \u0627\u0644\u0634\u062e\u0635\u064a\u0629<\/strong><\/p><p>\u0625\u0636\u0627\u0641\u0629 \u0625\u0644\u0649 \u0627\u0644\u0627\u062e\u062a\u0628\u0627\u0631\u0627\u062a \u0627\u0644\u0643\u062a\u0627\u0628\u064a\u0629\u060c \u064a\u062a\u0639\u064a\u0646 \u0639\u0644\u0649 \u0627\u0644\u0645\u062a\u0642\u062f\u0645\u064a\u0646 \u0627\u062c\u062a\u064a\u0627\u0632 \u0645\u0642\u0627\u0628\u0644\u0629 \u0634\u062e\u0635\u064a\u0629. \u0647\u0630\u0647 \u0627\u0644\u0645\u0642\u0627\u0628\u0644\u0629 \u062a\u0647\u062f\u0641 \u0625\u0644\u0649 \u062a\u0642\u064a\u064a\u0645 \u0627\u0644\u062c\u062f\u064a\u0629 \u0648\u0627\u0644\u0627\u0644\u062a\u0632\u0627\u0645 \u0648\u0627\u0644\u0642\u062f\u0631\u0627\u062a \u0627\u0644\u0634\u062e\u0635\u064a\u0629 \u0644\u0644\u0645\u062a\u0642\u062f\u0645\u064a\u0646\u060c \u0648\u062a\u0639\u062f \u062e\u0637\u0648\u0629 \u062d\u0627\u0633\u0645\u0629 \u0641\u064a \u0639\u0645\u0644\u064a\u0629 \u0642\u0628\u0648\u0644\u0647\u0645 \u0641\u064a \u0627\u0644\u0628\u0631\u0646\u0627\u0645\u062c.<\/p><p><strong>5. \u062f\u0641\u0639 \u0631\u0633\u0648\u0645 \u0627\u0644\u0645\u0642\u0627\u0628\u0644\u0629 \u0648\u0627\u0644\u0627\u062e\u062a\u0628\u0627\u0631<\/strong><\/p><p>\u064a\u062a\u0639\u064a\u0646 \u0639\u0644\u0649 \u0627\u0644\u0645\u062a\u0642\u062f\u0645\u064a\u0646 \u062f\u0641\u0639 \u0631\u0633\u0648\u0645 \u0642\u062f\u0631\u0647\u0627 <strong>20<\/strong> \u062f\u0648\u0644\u0627\u0631\u064b\u0627 \u0623\u0648 \u0645\u0627 \u064a\u0639\u0627\u062f\u0644\u0647\u0627 \u0628\u0627\u0644\u0639\u0645\u0644\u0627\u062a \u0627\u0644\u0645\u062e\u062a\u0644\u0641\u0629. \u0647\u0630\u0647 \u0627\u0644\u0631\u0633\u0648\u0645 \u062a\u0634\u0645\u0644 \u062a\u0643\u0627\u0644\u064a\u0641 \u0627\u0644\u0645\u0642\u0627\u0628\u0644\u0629 \u0648\u0627\u0644\u0627\u062e\u062a\u0628\u0627\u0631\u060c \u0648\u062a\u0633\u0627\u0639\u062f \u0641\u064a \u062a\u063a\u0637\u064a\u0629 \u0627\u0644\u0646\u0641\u0642\u0627\u062a \u0627\u0644\u0625\u062f\u0627\u0631\u064a\u0629 \u0627\u0644\u0645\u062a\u0639\u0644\u0642\u0629 \u0628\u0627\u0644\u0627\u0644\u062a\u062d\u0627\u0642 \u0628\u0627\u0644\u0628\u0631\u0646\u0627\u0645\u062c.<\/p>\t\t\t\t\t\t\t\t<\/div>\n\t\t\t\t<\/div>\n\t\t\t\t\t<\/div>\n\t\t\t\t<\/div>\n\t\t\t\t<\/div>","protected":false},"excerpt":{"rendered":"<p>\u062a\u0642\u0631\u064a\u0631 \u0645\u0641\u0635\u0644 \u062d\u0648\u0644 \u0634\u0631\u0648\u0637 \u0627\u0644\u0627\u0644\u062a\u062d\u0627\u0642 \u0628\u0628\u0631\u0646\u0627\u0645\u062c &#8220;\u0645\u062f\u0651\u0643\u0631&#8221; 1. \u0625\u062a\u0645\u0627\u0645 \u0627\u0644\u0634\u0647\u0627\u062f\u0629 \u0627\u0644\u062b\u0627\u0646\u0648\u064a\u0629 \u0623\u0648 \u0645\u0627 \u064a\u0639\u0627\u062f\u0644\u0647\u0627: \u0644\u0644\u0627\u0644\u062a\u062d\u0627\u0642 \u0628\u0628\u0631\u0646\u0627\u0645\u062c &#8220;\u0645\u062f\u0651\u0643\u0631&#8221;\u060c \u064a\u0634\u062a\u0631\u0637 \u0623\u0646 \u064a\u0643\u0648\u0646 \u0627\u0644\u0645\u062a\u0642\u062f\u0645 \u0642\u062f \u0623\u062a\u0645 \u0628\u0646\u062c\u0627\u062d \u0627\u0644\u0634\u0647\u0627\u062f\u0629 \u0627\u0644\u062b\u0627\u0646\u0648\u064a\u0629. \u0647\u0630\u0627 \u0627\u0644\u0634\u0631\u0637 \u064a\u0636\u0645\u0646 \u0623\u0646 \u0627\u0644\u0645\u062a\u0642\u062f\u0645 \u064a\u0645\u062a\u0644\u0643 \u0642\u0627\u0639\u062f\u0629 \u062a\u0639\u0644\u064a\u0645\u064a\u0629 \u0642\u0648\u064a\u0629 \u062a\u0624\u0647\u0644\u0647 \u0644\u0644\u0627\u0646\u062e\u0631\u0627\u0637 \u0641\u064a \u0627\u0644\u0628\u0631\u0646\u0627\u0645\u062c. 2. \u0627\u062c\u062a\u064a\u0627\u0632 \u0627\u062e\u062a\u0628\u0627\u0631 \u0627\u0644\u062d\u0641\u0638 \u064a\u062c\u0628 \u0639\u0644\u0649 \u0627\u0644\u0645\u062a\u0642\u062f\u0645\u064a\u0646 \u0627\u062c\u062a\u064a\u0627\u0632 \u0627\u062e\u062a\u0628\u0627\u0631 \u0644\u062d\u0641\u0638 \u062c\u0632\u0621 \u0639\u0645 \u0623\u0648 \u0623\u064a \u062c\u0632\u0621 \u0622\u062e\u0631 [&hellip;]<\/p>\n","protected":false},"author":1,"featured_media":0,"parent":0,"menu_order":0,"comment_status":"closed","ping_status":"closed","template":"elementor_header_footer","meta":{"_acf_changed":false,"_eb_attr":"","footnotes":""},"class_list":["post-775","page","type-page","status-publish","hentry"],"acf":[],"aioseo_notices":[],"_links":{"self":[{"href":"https:\/\/muddakir.org\/tr\/wp-json\/wp\/v2\/pages\/775","targetHints":{"allow":["GET"]}}],"collection":[{"href":"https:\/\/muddakir.org\/tr\/wp-json\/wp\/v2\/pages"}],"about":[{"href":"https:\/\/muddakir.org\/tr\/wp-json\/wp\/v2\/types\/page"}],"author":[{"embeddable":true,"href":"https:\/\/muddakir.org\/tr\/wp-json\/wp\/v2\/users\/1"}],"replies":[{"embeddable":true,"href":"https:\/\/muddakir.org\/tr\/wp-json\/wp\/v2\/comments?post=775"}],"version-history":[{"count":13,"href":"https:\/\/muddakir.org\/tr\/wp-json\/wp\/v2\/pages\/775\/revisions"}],"predecessor-version":[{"id":1300,"href":"https:\/\/muddakir.org\/tr\/wp-json\/wp\/v2\/pages\/775\/revisions\/1300"}],"wp:attachment":[{"href":"https:\/\/muddakir.org\/tr\/wp-json\/wp\/v2\/media?parent=775"}],"curies":[{"name":"wp","href":"https:\/\/api.w.org\/{rel}","templated":true}]}}